{"id":94,"date":"2021-06-26T00:56:46","date_gmt":"2021-06-26T05:56:46","guid":{"rendered":"https:\/\/www.buendiacontadores.com\/?page_id=94"},"modified":"2021-06-26T20:39:56","modified_gmt":"2021-06-27T01:39:56","slug":"asesoria-y-defensor-tecnico-en-areas-litigiosas-del-derecho-empresarial","status":"publish","type":"page","link":"https:\/\/www.buendiacontadores.com\/?page_id=94","title":{"rendered":"ASESOR\u00cdA Y DEFENSOR T\u00c9CNICO EN \u00c1REAS LITIGIOSAS DEL DERECHO EMPRESARIAL"},"content":{"rendered":"\n<div class=\"wp-block-media-text alignwide is-stacked-on-mobile\"><figure class=\"wp-block-media-text__media\"><img loading=\"lazy\" decoding=\"async\" width=\"786\" height=\"629\" src=\"https:\/\/www.buendiacontadores.com\/wp-content\/uploads\/2021\/06\/buendiaservicios.jpg\" alt=\"\" class=\"wp-image-208 size-full\" srcset=\"https:\/\/www.buendiacontadores.com\/wp-content\/uploads\/2021\/06\/buendiaservicios.jpg 786w, https:\/\/www.buendiacontadores.com\/wp-content\/uploads\/2021\/06\/buendiaservicios-300x240.jpg 300w, https:\/\/www.buendiacontadores.com\/wp-content\/uploads\/2021\/06\/buendiaservicios-768x615.jpg 768w\" sizes=\"auto, (max-width: 786px) 100vw, 786px\" \/><\/figure><div class=\"wp-block-media-text__content\">\n<ul class=\"has-medium-font-size wp-block-list\"><li>Laboral.<\/li><li>Civil: Cobranzas Judiciales y Extrajudiciales<\/li><li>Societario: fusiones, escisiones, transformaciones, Aumentos de Capital.<\/li><li>Mercantil: Contratos, Pagares, Facturas.<\/li><li>Tributario: Representaci\u00f3n ante autoridades tributarias y Juicios contenciosos tributarios.<\/li><li>Aduanero.<\/li><li>Financiero.<\/li><li>Periciales en materias tributarias legales.<\/li><\/ul>\n\n\n\n<p class=\"has-text-align-right\"><a href=\"https:\/\/www.buendiacontadores.com\/?page_id=4\" data-type=\"page\" data-id=\"4\">Servicios<\/a><\/p>\n<\/div><\/div>\n","protected":false},"excerpt":{"rendered":"<p>Laboral. Civil: Cobranzas Judiciales y Extrajudiciales Societario: fusiones, escisiones, transformaciones, Aumentos de Capital. Mercantil: Contratos, Pagares, Facturas. Tributario: Representaci\u00f3n ante autoridades tributarias y Juicios contenciosos tributarios. Aduanero. Financiero. Periciales en materias tributarias legales. Servicios<\/p>\n","protected":false},"author":1,"featured_media":0,"parent":0,"menu_order":0,"comment_status":"closed","ping_status":"closed","template":"","meta":{"footnotes":""},"class_list":["post-94","page","type-page","status-publish","hentry","post"],"_links":{"self":[{"href":"https:\/\/www.buendiacontadores.com\/index.php?rest_route=\/wp\/v2\/pages\/94","targetHints":{"allow":["GET"]}}],"collection":[{"href":"https:\/\/www.buendiacontadores.com\/index.php?rest_route=\/wp\/v2\/pages"}],"about":[{"href":"https:\/\/www.buendiacontadores.com\/index.php?rest_route=\/wp\/v2\/types\/page"}],"author":[{"embeddable":true,"href":"https:\/\/www.buendiacontadores.com\/index.php?rest_route=\/wp\/v2\/users\/1"}],"replies":[{"embeddable":true,"href":"https:\/\/www.buendiacontadores.com\/index.php?rest_route=%2Fwp%2Fv2%2Fcomments&post=94"}],"version-history":[{"count":15,"href":"https:\/\/www.buendiacontadores.com\/index.php?rest_route=\/wp\/v2\/pages\/94\/revisions"}],"predecessor-version":[{"id":250,"href":"https:\/\/www.buendiacontadores.com\/index.php?rest_route=\/wp\/v2\/pages\/94\/revisions\/250"}],"wp:attachment":[{"href":"https:\/\/www.buendiacontadores.com\/index.php?rest_route=%2Fwp%2Fv2%2Fmedia&parent=94"}],"curies":[{"name":"wp","href":"https:\/\/api.w.org\/{rel}","templated":true}]}}