{"id":92,"date":"2021-06-26T00:55:52","date_gmt":"2021-06-26T05:55:52","guid":{"rendered":"https:\/\/www.buendiacontadores.com\/?page_id=92"},"modified":"2021-06-26T20:42:16","modified_gmt":"2021-06-27T01:42:16","slug":"consultoria-tributaria","status":"publish","type":"page","link":"https:\/\/www.buendiacontadores.com\/?page_id=92","title":{"rendered":"CONSULTORIA TRIBUTARIA"},"content":{"rendered":"\n<div class=\"wp-block-media-text alignwide is-stacked-on-mobile\"><figure class=\"wp-block-media-text__media\"><img loading=\"lazy\" decoding=\"async\" width=\"786\" height=\"629\" src=\"https:\/\/www.buendiacontadores.com\/wp-content\/uploads\/2021\/06\/buendiaservicios.jpg\" alt=\"\" class=\"wp-image-208 size-full\" srcset=\"https:\/\/www.buendiacontadores.com\/wp-content\/uploads\/2021\/06\/buendiaservicios.jpg 786w, https:\/\/www.buendiacontadores.com\/wp-content\/uploads\/2021\/06\/buendiaservicios-300x240.jpg 300w, https:\/\/www.buendiacontadores.com\/wp-content\/uploads\/2021\/06\/buendiaservicios-768x615.jpg 768w\" sizes=\"auto, (max-width: 786px) 100vw, 786px\" \/><\/figure><div class=\"wp-block-media-text__content\">\n<ul class=\"has-medium-font-size wp-block-list\"><li>Asesor\u00eda y consultor\u00eda integral en impuestos.<\/li><li>Planificaci\u00f3n Tributaria.<\/li><li>Diagnostico Tributario.<\/li><li>An\u00e1lisis y estrategias en manejo de impuestos.<\/li><li>Preparaci\u00f3n de informaci\u00f3n sobre requerimientos del SRI.<\/li><li>Patrocinio para absoluciones sobre inicios sumarios emitidos por el SRI.<\/li><li>An\u00e1lisis de riesgo y factibilidad en devoluci\u00f3n de impuestos.<\/li><li>Devoluci\u00f3n de impuestos.<\/li><li>Asesor\u00eda en auditorias del SRI.<\/li><li>Asesor\u00eda en Inspecciones, requerimientos y dem\u00e1s procesos de control de organismos p\u00fablicos.<\/li><li>Exoneraciones, reducciones y rebajas especiales.<\/li><\/ul>\n\n\n\n<p class=\"has-text-align-right\"><a href=\"https:\/\/www.buendiacontadores.com\/?page_id=4\" data-type=\"page\" data-id=\"4\">Servicios<\/a><\/p>\n<\/div><\/div>\n","protected":false},"excerpt":{"rendered":"<p>Asesor\u00eda y consultor\u00eda integral en impuestos. Planificaci\u00f3n Tributaria. Diagnostico Tributario. An\u00e1lisis y estrategias en manejo de impuestos. Preparaci\u00f3n de informaci\u00f3n sobre requerimientos del SRI. Patrocinio para absoluciones sobre inicios sumarios emitidos por el SRI. An\u00e1lisis de riesgo y factibilidad en devoluci\u00f3n de impuestos. Devoluci\u00f3n de impuestos. Asesor\u00eda en auditorias del SRI. Asesor\u00eda en Inspecciones, requerimientos [&hellip;]<\/p>\n","protected":false},"author":1,"featured_media":0,"parent":0,"menu_order":0,"comment_status":"closed","ping_status":"closed","template":"","meta":{"footnotes":""},"class_list":["post-92","page","type-page","status-publish","hentry","post"],"_links":{"self":[{"href":"https:\/\/www.buendiacontadores.com\/index.php?rest_route=\/wp\/v2\/pages\/92","targetHints":{"allow":["GET"]}}],"collection":[{"href":"https:\/\/www.buendiacontadores.com\/index.php?rest_route=\/wp\/v2\/pages"}],"about":[{"href":"https:\/\/www.buendiacontadores.com\/index.php?rest_route=\/wp\/v2\/types\/page"}],"author":[{"embeddable":true,"href":"https:\/\/www.buendiacontadores.com\/index.php?rest_route=\/wp\/v2\/users\/1"}],"replies":[{"embeddable":true,"href":"https:\/\/www.buendiacontadores.com\/index.php?rest_route=%2Fwp%2Fv2%2Fcomments&post=92"}],"version-history":[{"count":7,"href":"https:\/\/www.buendiacontadores.com\/index.php?rest_route=\/wp\/v2\/pages\/92\/revisions"}],"predecessor-version":[{"id":254,"href":"https:\/\/www.buendiacontadores.com\/index.php?rest_route=\/wp\/v2\/pages\/92\/revisions\/254"}],"wp:attachment":[{"href":"https:\/\/www.buendiacontadores.com\/index.php?rest_route=%2Fwp%2Fv2%2Fmedia&parent=92"}],"curies":[{"name":"wp","href":"https:\/\/api.w.org\/{rel}","templated":true}]}}