{"id":90,"date":"2021-06-26T00:55:05","date_gmt":"2021-06-26T05:55:05","guid":{"rendered":"https:\/\/www.buendiacontadores.com\/?page_id=90"},"modified":"2021-06-26T20:41:55","modified_gmt":"2021-06-27T01:41:55","slug":"outsoursing-contable","status":"publish","type":"page","link":"https:\/\/www.buendiacontadores.com\/?page_id=90","title":{"rendered":"OUTSOURSING CONTABLE"},"content":{"rendered":"\n<div class=\"wp-block-media-text alignwide is-stacked-on-mobile\"><figure class=\"wp-block-media-text__media\"><img loading=\"lazy\" decoding=\"async\" width=\"786\" height=\"629\" src=\"https:\/\/www.buendiacontadores.com\/wp-content\/uploads\/2021\/06\/buendiaservicios.jpg\" alt=\"\" class=\"wp-image-208 size-full\" srcset=\"https:\/\/www.buendiacontadores.com\/wp-content\/uploads\/2021\/06\/buendiaservicios.jpg 786w, https:\/\/www.buendiacontadores.com\/wp-content\/uploads\/2021\/06\/buendiaservicios-300x240.jpg 300w, https:\/\/www.buendiacontadores.com\/wp-content\/uploads\/2021\/06\/buendiaservicios-768x615.jpg 768w\" sizes=\"auto, (max-width: 786px) 100vw, 786px\" \/><\/figure><div class=\"wp-block-media-text__content\">\n<p class=\"has-large-font-size\"><\/p>\n\n\n\n<ul class=\"has-medium-font-size wp-block-list\"><li>Asesor\u00eda, liquidaci\u00f3n y presentaci\u00f3n de declaraci\u00f3n de impuestos fiscales municipales.<\/li><li>Liquidaci\u00f3n y presentaci\u00f3n de impuestos mensuales (IVA, Retenciones, ICE).<\/li><li>Liquidaci\u00f3n y presentaci\u00f3n del Impuesto a la Renta.<\/li><li>Generaci\u00f3n y declaraci\u00f3n de anexos tributarios.<\/li><li>Asistencia permanente en manejo tributario.<\/li><li>Evaluaci\u00f3n de la correcta aplicaci\u00f3n tributaria.<\/li><li>Inscripci\u00f3n y actualizaci\u00f3n del Registro \u00danico de Contribuyentes (RUC).<\/li><li>Implementaci\u00f3n de NIIF.<\/li><\/ul>\n\n\n\n<p class=\"has-text-align-right\"><a href=\"https:\/\/www.buendiacontadores.com\/?page_id=4\" data-type=\"page\" data-id=\"4\">Servicios<\/a><\/p>\n<\/div><\/div>\n","protected":false},"excerpt":{"rendered":"<p>Asesor\u00eda, liquidaci\u00f3n y presentaci\u00f3n de declaraci\u00f3n de impuestos fiscales municipales. Liquidaci\u00f3n y presentaci\u00f3n de impuestos mensuales (IVA, Retenciones, ICE). Liquidaci\u00f3n y presentaci\u00f3n del Impuesto a la Renta. Generaci\u00f3n y declaraci\u00f3n de anexos tributarios. Asistencia permanente en manejo tributario. Evaluaci\u00f3n de la correcta aplicaci\u00f3n tributaria. Inscripci\u00f3n y actualizaci\u00f3n del Registro \u00danico de Contribuyentes (RUC). Implementaci\u00f3n de [&hellip;]<\/p>\n","protected":false},"author":1,"featured_media":0,"parent":0,"menu_order":0,"comment_status":"closed","ping_status":"open","template":"","meta":{"footnotes":""},"class_list":["post-90","page","type-page","status-publish","hentry","post"],"_links":{"self":[{"href":"https:\/\/www.buendiacontadores.com\/index.php?rest_route=\/wp\/v2\/pages\/90","targetHints":{"allow":["GET"]}}],"collection":[{"href":"https:\/\/www.buendiacontadores.com\/index.php?rest_route=\/wp\/v2\/pages"}],"about":[{"href":"https:\/\/www.buendiacontadores.com\/index.php?rest_route=\/wp\/v2\/types\/page"}],"author":[{"embeddable":true,"href":"https:\/\/www.buendiacontadores.com\/index.php?rest_route=\/wp\/v2\/users\/1"}],"replies":[{"embeddable":true,"href":"https:\/\/www.buendiacontadores.com\/index.php?rest_route=%2Fwp%2Fv2%2Fcomments&post=90"}],"version-history":[{"count":7,"href":"https:\/\/www.buendiacontadores.com\/index.php?rest_route=\/wp\/v2\/pages\/90\/revisions"}],"predecessor-version":[{"id":253,"href":"https:\/\/www.buendiacontadores.com\/index.php?rest_route=\/wp\/v2\/pages\/90\/revisions\/253"}],"wp:attachment":[{"href":"https:\/\/www.buendiacontadores.com\/index.php?rest_route=%2Fwp%2Fv2%2Fmedia&parent=90"}],"curies":[{"name":"wp","href":"https:\/\/api.w.org\/{rel}","templated":true}]}}