{"id":7,"date":"2021-06-25T02:15:00","date_gmt":"2021-06-25T07:15:00","guid":{"rendered":"https:\/\/www.buendiacontadores.com\/?page_id=7"},"modified":"2021-06-29T13:03:48","modified_gmt":"2021-06-29T18:03:48","slug":"quienes-somos","status":"publish","type":"page","link":"https:\/\/www.buendiacontadores.com\/?page_id=7","title":{"rendered":"Qui\u00e9nes Somos"},"content":{"rendered":"<div id=\"pl-gb7-69e05b16cdf84\"  class=\"panel-layout\" ><div id=\"pg-gb7-69e05b16cdf84-0\"  class=\"panel-grid panel-has-style\" ><div class=\"siteorigin-panels-stretch panel-row-style panel-row-style-for-gb7-69e05b16cdf84-0\" data-stretch-type=\"full-stretched\" ><div id=\"pgc-gb7-69e05b16cdf84-0-0\"  class=\"panel-grid-cell\" ><div id=\"panel-gb7-69e05b16cdf84-0-0-0\" class=\"so-panel widget widget_sow-hero panel-first-child panel-last-child\" data-index=\"0\" ><div class=\"panel-widget-style panel-widget-style-for-gb7-69e05b16cdf84-0-0-0\" ><div class=\"so-widget-sow-hero so-widget-sow-hero-default-2c134d320342-7 so-widget-fittext-wrapper\" data-fit-text-compressor=\"0.85\"><div class=\"sow-slider-base\" style=\"display: none\"><ul class=\"sow-slider-images\" data-settings=\"{&quot;pagination&quot;:true,&quot;speed&quot;:800,&quot;timeout&quot;:8000,&quot;paused&quot;:false,&quot;pause_on_hover&quot;:false,&quot;swipe&quot;:true,&quot;nav_always_show_desktop&quot;:&quot;&quot;,&quot;nav_always_show_mobile&quot;:&quot;&quot;,&quot;breakpoint&quot;:&quot;780px&quot;}\">\t\t<li class=\"sow-slider-image  sow-slider-image-cover\" style=\"background-color: #333333\" >\n\t\t\t\t\t<div class=\"sow-slider-image-container\">\n\t\t\t<div class=\"sow-slider-image-wrapper\">\n\t\t\t\t<h1 style=\"text-align: center\">Buend\u00eda &amp; Asociados<\/h1>\n\t\t\t<\/div>\n\t\t<\/div>\n\t\t<div class=\"sow-slider-image-overlay sow-slider-image-cover\" style=\"background-image: url(https:\/\/www.buendiacontadores.com\/wp-content\/uploads\/2021\/06\/buendiasomos.jpg);opacity: 0.6\"  ><\/div>\t\t<\/li>\n\t\t<\/ul>\t\t\t\t<ol class=\"sow-slider-pagination\">\n\t\t\t\t\t\t\t\t\t\t\t<li><a href=\"#\" data-goto=\"0\" aria-label=\"mostrar diapositiva 1\"><\/a><\/li>\n\t\t\t\t\t\t\t\t\t<\/ol>\n\n\t\t\t\t<div class=\"sow-slide-nav sow-slide-nav-next\">\n\t\t\t\t\t<a href=\"#\" data-goto=\"next\" aria-label=\"diapositiva siguiente\" data-action=\"next\">\n\t\t\t\t\t\t<em class=\"sow-sld-icon-thin-right\"><\/em>\n\t\t\t\t\t<\/a>\n\t\t\t\t<\/div>\n\n\t\t\t\t<div class=\"sow-slide-nav sow-slide-nav-prev\">\n\t\t\t\t\t<a href=\"#\" data-goto=\"previous\" aria-label=\"diapositiva anterior\" data-action=\"prev\">\n\t\t\t\t\t\t<em class=\"sow-sld-icon-thin-left\"><\/em>\n\t\t\t\t\t<\/a>\n\t\t\t\t<\/div>\n\t\t\t\t<\/div><\/div><\/div><\/div><\/div><\/div><\/div><div id=\"pg-gb7-69e05b16cdf84-1\"  class=\"panel-grid panel-has-style\" ><div class=\"siteorigin-panels-stretch panel-row-style panel-row-style-for-gb7-69e05b16cdf84-1\" data-stretch-type=\"full\" ><div id=\"pgc-gb7-69e05b16cdf84-1-0\"  class=\"panel-grid-cell\" ><div id=\"panel-gb7-69e05b16cdf84-1-0-0\" class=\"so-panel widget widget_sow-headline panel-first-child\" data-index=\"1\" ><div class=\"so-widget-sow-headline so-widget-sow-headline-default-85fc1d73fec1-7\"><div class=\"sow-headline-container \">\n\t<h2 class='sow-headline'>BUENDIA &amp; ASOCIADOS<\/h2><\/div><\/div><\/div><div id=\"panel-gb7-69e05b16cdf84-1-0-1\" class=\"so-panel widget widget_sow-editor panel-last-child\" data-index=\"2\" ><div class=\"so-widget-sow-editor so-widget-sow-editor-base\">\n<div class=\"siteorigin-widget-tinymce textwidget\">\n\t<h2 style=\"text-align: center;\">Somos un grupo de profesionales j\u00f3venes con amplia trayectoria que buscamos el crecimiento y desarrollo sostenido de nuestro pa\u00eds. Estamos seguros que con trabajo duro y dedicaci\u00f3n constante podemos contribuir al fortalecimiento de nuestros empresarios, somos emprendedores, sabemos lo que su empresa necesita y sabemos como hacerlo.<\/h2>\n<\/div>\n<\/div><\/div><\/div><div id=\"pgc-gb7-69e05b16cdf84-1-1\"  class=\"panel-grid-cell\" ><div id=\"panel-gb7-69e05b16cdf84-1-1-0\" class=\"so-panel widget widget_sow-headline panel-first-child\" data-index=\"3\" ><div class=\"so-widget-sow-headline so-widget-sow-headline-default-85fc1d73fec1-7\"><div class=\"sow-headline-container \">\n\t<\/div><\/div><\/div><div id=\"panel-gb7-69e05b16cdf84-1-1-1\" class=\"so-panel widget widget_sow-editor panel-last-child\" data-index=\"4\" ><div class=\"so-widget-sow-editor so-widget-sow-editor-base\">\n<div class=\"siteorigin-widget-tinymce textwidget\">\n\t<h1 style=\"text-align: center;\"><strong>Misi\u00f3n<\/strong><\/h1>\n<h2 style=\"text-align: center;\">Contribuir con nuestro portafolio de servicios a alcanzar la m\u00e1xima competitividad de nuestros clientes, logrando calidad y rentabilidad, su satisfacci\u00f3n total es nuestro mayor beneficio.<\/h2>\n<h1 style=\"text-align: center;\"><strong>Visi\u00f3n<\/strong><\/h1>\n<h2 style=\"text-align: center;\">Ubicarnos como uno de los mejores consultores de servicio en el Ecuador en base a nuestros valores y esp\u00edritu se servicio enfocados a contribuir con el desarrollo del pa\u00eds a trav\u00e9s del \u00e9xito de nuestros clientes.<\/h2>\n<\/div>\n<\/div><\/div><\/div><\/div><\/div><\/div>\n\n\n<p><\/p>\n","protected":false},"excerpt":{"rendered":"<p>Somos un grupo de profesionales j\u00f3venes con amplia trayectoria que buscamos el crecimiento y desarrollo sostenido de nuestro pa\u00eds. Estamos seguros que con trabajo duro y dedicaci\u00f3n constante podemos contribuir al fortalecimiento de nuestros empresarios, somos emprendedores, sabemos lo que su empresa necesita y sabemos como hacerlo. Misi\u00f3n Contribuir con nuestro portafolio de servicios a [&hellip;]<\/p>\n","protected":false},"author":1,"featured_media":0,"parent":0,"menu_order":0,"comment_status":"closed","ping_status":"open","template":"","meta":{"footnotes":""},"class_list":["post-7","page","type-page","status-publish","hentry","post"],"_links":{"self":[{"href":"https:\/\/www.buendiacontadores.com\/index.php?rest_route=\/wp\/v2\/pages\/7","targetHints":{"allow":["GET"]}}],"collection":[{"href":"https:\/\/www.buendiacontadores.com\/index.php?rest_route=\/wp\/v2\/pages"}],"about":[{"href":"https:\/\/www.buendiacontadores.com\/index.php?rest_route=\/wp\/v2\/types\/page"}],"author":[{"embeddable":true,"href":"https:\/\/www.buendiacontadores.com\/index.php?rest_route=\/wp\/v2\/users\/1"}],"replies":[{"embeddable":true,"href":"https:\/\/www.buendiacontadores.com\/index.php?rest_route=%2Fwp%2Fv2%2Fcomments&post=7"}],"version-history":[{"count":26,"href":"https:\/\/www.buendiacontadores.com\/index.php?rest_route=\/wp\/v2\/pages\/7\/revisions"}],"predecessor-version":[{"id":264,"href":"https:\/\/www.buendiacontadores.com\/index.php?rest_route=\/wp\/v2\/pages\/7\/revisions\/264"}],"wp:attachment":[{"href":"https:\/\/www.buendiacontadores.com\/index.php?rest_route=%2Fwp%2Fv2%2Fmedia&parent=7"}],"curies":[{"name":"wp","href":"https:\/\/api.w.org\/{rel}","templated":true}]}}