{"id":5,"date":"2021-06-25T02:15:00","date_gmt":"2021-06-25T07:15:00","guid":{"rendered":"https:\/\/www.buendiacontadores.com\/?page_id=5"},"modified":"2021-06-29T12:48:27","modified_gmt":"2021-06-29T17:48:27","slug":"contactanos","status":"publish","type":"page","link":"https:\/\/www.buendiacontadores.com\/?page_id=5","title":{"rendered":"Cont\u00e1ctanos"},"content":{"rendered":"<div id=\"pl-gb5-69e0701894797\"  class=\"panel-layout\" ><div id=\"pg-gb5-69e0701894797-0\"  class=\"panel-grid panel-has-style\" ><div class=\"siteorigin-panels-stretch panel-row-style panel-row-style-for-gb5-69e0701894797-0\" data-stretch-type=\"full\" ><div id=\"pgc-gb5-69e0701894797-0-0\"  class=\"panel-grid-cell\" ><div id=\"panel-gb5-69e0701894797-0-0-0\" class=\"so-panel widget widget_sow-headline panel-first-child\" data-index=\"0\" ><div class=\"so-widget-sow-headline so-widget-sow-headline-default-5d36e54238ca-5 so-widget-fittext-wrapper\" data-fit-text-compressor=\"0.85\"><div class=\"sow-headline-container \">\n\t<h1 class='sow-headline'>Nuestros canales de contacto<\/h1><h2 class='sow-sub-headline'>Buend\u00eda &amp; Asociados t\u00fa mejor opci\u00f3n<\/h2><\/div><\/div><\/div><div id=\"panel-gb5-69e0701894797-0-0-1\" class=\"so-panel widget widget_sow-features panel-last-child\" data-index=\"1\" ><div class=\"so-widget-sow-features so-widget-sow-features-default-ae039eb7a741-5\">\n<div class=\"sow-features-list sow-features-responsive\">\n\n\t\t\t\n\t\t\t<div class=\"sow-features-feature sow-icon-container-position-top sow-features-feature-last-row\" style=\"width: 33.333%\">\n\n\t\t\t\t\t\t\t\t<div\n\t\t\t\t\tclass=\"sow-icon-container sow-container-none\"\n                    style=\"color: #404040; \"\n\t\t\t\t\t>\n\t\t\t\t\t<span class=\"sow-icon-fontawesome sow-fas\" data-sow-icon=\"&#xf3fa;\"\n\t\tstyle=\"font-size: 56px; color: #2d2d2d\" ><\/span>\t\t\t\t<\/div>\n\t\t\t\t\n\t\t\t\t<div class=\"textwidget\">\n\t\t\t\t\t\t\t\t\t\t\t<h5>\n\t\t\t\t\t\t\t\t\t\t\t\t\t\tLl\u00e1menos\t\t\t\t\t\t\t\t\t\t\t\t\t<\/h5>\n\t\t\t\t\t\n\t\t\t\t\t\t\t\t\t\t\t<p>(+593) 983100411<\/p>\n\t\t\t\t\t\n\t\t\t\t\t\t\t\t\t<\/div>\n\t\t\t<\/div>\n\n\t\t\n\t\t\t<div class=\"sow-features-feature sow-icon-container-position-top sow-features-feature-last-row\" style=\"width: 33.333%\">\n\n\t\t\t\t\t\t\t\t<div\n\t\t\t\t\tclass=\"sow-icon-container sow-container-none\"\n                    style=\"color: #2d2d2d; \"\n\t\t\t\t\t>\n\t\t\t\t\t<span class=\"sow-icon-fontawesome sow-fas\" data-sow-icon=\"&#xf3c5;\"\n\t\tstyle=\"font-size: 56px; color: #424242\" ><\/span>\t\t\t\t<\/div>\n\t\t\t\t\n\t\t\t\t<div class=\"textwidget\">\n\t\t\t\t\t\t\t\t\t\t\t<h5>\n\t\t\t\t\t\t\t\t\t\t\t\t\t\tDirecci\u00f3n\t\t\t\t\t\t\t\t\t\t\t\t\t<\/h5>\n\t\t\t\t\t\n\t\t\t\t\t\t\t\t\t\t\t<p>Av. Rodrigo Ch\u00e1vez, Parque Empresarial Col\u00f3n, Edificio Empresarial. No.5, 2do, piso<\/p>\n\t\t\t\t\t\n\t\t\t\t\t\t\t\t\t<\/div>\n\t\t\t<\/div>\n\n\t\t\n\t\t\t<div class=\"sow-features-feature sow-icon-container-position-top sow-features-feature-last-row\" style=\"width: 33.333%\">\n\n\t\t\t\t\t\t\t\t<div\n\t\t\t\t\tclass=\"sow-icon-container sow-container-none\"\n                    style=\"color: #2d2d2d; \"\n\t\t\t\t\t>\n\t\t\t\t\t<span class=\"sow-icon-fontawesome sow-far\" data-sow-icon=\"&#xf0e0;\"\n\t\tstyle=\"font-size: 56px; color: #424242\" ><\/span>\t\t\t\t<\/div>\n\t\t\t\t\n\t\t\t\t<div class=\"textwidget\">\n\t\t\t\t\t\t\t\t\t\t\t<h5>\n\t\t\t\t\t\t\t\t\t\t\t\t\t\tEmail\t\t\t\t\t\t\t\t\t\t\t\t\t<\/h5>\n\t\t\t\t\t\n\t\t\t\t\t\t\t\t\t\t\t<p>pbuendia@buendiacontadores.com<\/p>\n\t\t\t\t\t\n\t\t\t\t\t\t\t\t\t<\/div>\n\t\t\t<\/div>\n\n\t\t\t\n<\/div>\n<\/div><\/div><\/div><\/div><\/div><\/div>\n\n\n<div class=\"wp-block-columns is-layout-flex wp-container-core-columns-is-layout-9d6595d7 wp-block-columns-is-layout-flex\">\n<div class=\"wp-block-column is-layout-flow wp-block-column-is-layout-flow\">\n<div class=\"mapouter\" align=\"center\"><div class=\"gmap_canvas\"><iframe loading=\"lazy\" id=\"gmap_canvas\" src=\"https:\/\/maps.google.com\/maps?q=buendia%20y%20asociados&amp;t=&amp;z=13&amp;ie=UTF8&amp;iwloc=&amp;output=embed\" width=\"1000\" height=\"500\" frameborder=\"0\" marginwidth=\"0\" marginheight=\"0\" scrolling=\"no\"> <p>\u00a0<\/p> <p>\u00a0<\/p> <style>.mapouter{position:relative;text-align:center;height:500px;width:1000px;}<\/style> <p><a href=\"https:\/\/www.embedgooglemap.net\">how to put google maps on website<\/a><\/p> <style>.gmap_canvas {overflow:hidden;background:none!important;height:500px;width:1000px;}<\/style><\/div> <\/div><\/iframe><\/div><\/div>\n<\/div>\n<\/div>\n","protected":false},"excerpt":{"rendered":"<p>\u00a0 \u00a0 how to put google maps on website<\/p>\n","protected":false},"author":1,"featured_media":0,"parent":0,"menu_order":0,"comment_status":"closed","ping_status":"open","template":"","meta":{"footnotes":""},"class_list":["post-5","page","type-page","status-publish","hentry","post"],"_links":{"self":[{"href":"https:\/\/www.buendiacontadores.com\/index.php?rest_route=\/wp\/v2\/pages\/5","targetHints":{"allow":["GET"]}}],"collection":[{"href":"https:\/\/www.buendiacontadores.com\/index.php?rest_route=\/wp\/v2\/pages"}],"about":[{"href":"https:\/\/www.buendiacontadores.com\/index.php?rest_route=\/wp\/v2\/types\/page"}],"author":[{"embeddable":true,"href":"https:\/\/www.buendiacontadores.com\/index.php?rest_route=\/wp\/v2\/users\/1"}],"replies":[{"embeddable":true,"href":"https:\/\/www.buendiacontadores.com\/index.php?rest_route=%2Fwp%2Fv2%2Fcomments&post=5"}],"version-history":[{"count":69,"href":"https:\/\/www.buendiacontadores.com\/index.php?rest_route=\/wp\/v2\/pages\/5\/revisions"}],"predecessor-version":[{"id":261,"href":"https:\/\/www.buendiacontadores.com\/index.php?rest_route=\/wp\/v2\/pages\/5\/revisions\/261"}],"wp:attachment":[{"href":"https:\/\/www.buendiacontadores.com\/index.php?rest_route=%2Fwp%2Fv2%2Fmedia&parent=5"}],"curies":[{"name":"wp","href":"https:\/\/api.w.org\/{rel}","templated":true}]}}