{"id":4,"date":"2021-06-25T02:15:00","date_gmt":"2021-06-25T07:15:00","guid":{"rendered":"https:\/\/www.buendiacontadores.com\/?page_id=4"},"modified":"2021-06-29T13:06:18","modified_gmt":"2021-06-29T18:06:18","slug":"servicios","status":"publish","type":"page","link":"https:\/\/www.buendiacontadores.com\/?page_id=4","title":{"rendered":"Servicios"},"content":{"rendered":"<div id=\"pl-gb4-69e05ad533243\"  class=\"panel-layout\" ><div id=\"pg-gb4-69e05ad533243-0\"  class=\"panel-grid panel-has-style\" ><div class=\"siteorigin-panels-stretch panel-row-style panel-row-style-for-gb4-69e05ad533243-0\" data-stretch-type=\"full-stretched\" ><div id=\"pgc-gb4-69e05ad533243-0-0\"  class=\"panel-grid-cell\" ><div id=\"panel-gb4-69e05ad533243-0-0-0\" class=\"so-panel widget widget_sow-hero panel-first-child panel-last-child\" data-index=\"0\" ><div class=\"so-widget-sow-hero so-widget-sow-hero-default-2c134d320342-4 so-widget-fittext-wrapper\" data-fit-text-compressor=\"0.85\"><div class=\"sow-slider-base\" style=\"display: none\"><ul class=\"sow-slider-images\" data-settings=\"{&quot;pagination&quot;:true,&quot;speed&quot;:800,&quot;timeout&quot;:8000,&quot;paused&quot;:false,&quot;pause_on_hover&quot;:false,&quot;swipe&quot;:true,&quot;nav_always_show_desktop&quot;:&quot;&quot;,&quot;nav_always_show_mobile&quot;:&quot;&quot;,&quot;breakpoint&quot;:&quot;780px&quot;}\">\t\t<li class=\"sow-slider-image  sow-slider-image-cover\" style=\"background-color: #333333\" >\n\t\t\t\t\t<div class=\"sow-slider-image-container\">\n\t\t\t<div class=\"sow-slider-image-wrapper\">\n\t\t\t\t<h1 style=\"text-align: center\">Servicios<\/h1>\n\t\t\t<\/div>\n\t\t<\/div>\n\t\t<div class=\"sow-slider-image-overlay sow-slider-image-cover\" style=\"background-image: url(https:\/\/www.buendiacontadores.com\/wp-content\/uploads\/2021\/06\/buendiaservice.jpg);opacity: 0.6\"  ><\/div>\t\t<\/li>\n\t\t<\/ul>\t\t\t\t<ol class=\"sow-slider-pagination\">\n\t\t\t\t\t\t\t\t\t\t\t<li><a href=\"#\" data-goto=\"0\" aria-label=\"mostrar diapositiva 1\"><\/a><\/li>\n\t\t\t\t\t\t\t\t\t<\/ol>\n\n\t\t\t\t<div class=\"sow-slide-nav sow-slide-nav-next\">\n\t\t\t\t\t<a href=\"#\" data-goto=\"next\" aria-label=\"diapositiva siguiente\" data-action=\"next\">\n\t\t\t\t\t\t<em class=\"sow-sld-icon-thin-right\"><\/em>\n\t\t\t\t\t<\/a>\n\t\t\t\t<\/div>\n\n\t\t\t\t<div class=\"sow-slide-nav sow-slide-nav-prev\">\n\t\t\t\t\t<a href=\"#\" data-goto=\"previous\" aria-label=\"diapositiva anterior\" data-action=\"prev\">\n\t\t\t\t\t\t<em class=\"sow-sld-icon-thin-left\"><\/em>\n\t\t\t\t\t<\/a>\n\t\t\t\t<\/div>\n\t\t\t\t<\/div><\/div><\/div><\/div><\/div><\/div><div id=\"pg-gb4-69e05ad533243-1\"  class=\"panel-grid panel-has-style\" ><div class=\"siteorigin-panels-stretch panel-row-style panel-row-style-for-gb4-69e05ad533243-1\" data-stretch-type=\"full\" ><div id=\"pgc-gb4-69e05ad533243-1-0\"  class=\"panel-grid-cell\" ><div id=\"panel-gb4-69e05ad533243-1-0-0\" class=\"so-panel widget widget_sow-editor panel-first-child panel-last-child\" data-index=\"1\" ><div class=\"so-widget-sow-editor so-widget-sow-editor-base\">\n<div class=\"siteorigin-widget-tinymce textwidget\">\n\t<h2 style=\"text-align: center;\">Ofrecemos soluciones orientadas a la eficiencia en la gesti\u00f3n sus necesidades empresariales El objeto de este servicio es la clasificaci\u00f3n, an\u00e1lisis y registro de las transacciones soportadas en los documentos internos y externos de la empresa, a trav\u00e9s de un sistema de informaci\u00f3n computarizado el mismo que podemos ofrecerlo o trabajar con el que usted tiene como inversi\u00f3n, con el fin de obtener oportunamente informaci\u00f3n financiera clara y concreta, la cual ser\u00e1 la base para la preparaci\u00f3n de estados financieros e informaci\u00f3n especial destinada para las entidades y autoridades de control del estado. Desarrollamos propuestas de:<\/h2>\n<\/div>\n<\/div><\/div><\/div><\/div><\/div><div id=\"pg-gb4-69e05ad533243-2\"  class=\"panel-grid panel-has-style\" ><div class=\"panel-row-style panel-row-style-for-gb4-69e05ad533243-2\" ><div id=\"pgc-gb4-69e05ad533243-2-0\"  class=\"panel-grid-cell\" ><div id=\"panel-gb4-69e05ad533243-2-0-0\" class=\"so-panel widget widget_sow-image panel-first-child\" data-index=\"2\" ><div class=\"so-widget-sow-image so-widget-sow-image-default-6b88c04c1f9b-4\">\n\n<div class=\"sow-image-container\">\n\t\t\t<a\n\t\t\thref=\"https:\/\/www.buendiacontadores.com\/?page_id=90\"\n\t\t\t\t\t>\n\t\t\t<img decoding=\"async\" src=\"https:\/\/www.buendiacontadores.com\/wp-content\/uploads\/2021\/06\/logo2.gif\" width=\"187\" height=\"181\" sizes=\"auto, (max-width: 187px) 100vw, 187px\" alt=\"\" loading=\"lazy\" \t\tclass=\"so-widget-image\"\/>\n\t<\/a><\/div>\n\n<\/div><\/div><div id=\"panel-gb4-69e05ad533243-2-0-1\" class=\"so-panel widget widget_sow-editor panel-last-child\" data-index=\"3\" ><div class=\"so-widget-sow-editor so-widget-sow-editor-base\">\n<div class=\"siteorigin-widget-tinymce textwidget\">\n\t<p style=\"text-align: center;\"><a href=\"https:\/\/www.buendiacontadores.com\/?page_id=90\" data-type=\"page\" data-id=\"90\" data-rich-text-format-boundary=\"true\">OUTSOURSING CONTABLE<\/a><\/p>\n<\/div>\n<\/div><\/div><\/div><div id=\"pgc-gb4-69e05ad533243-2-1\"  class=\"panel-grid-cell\" ><div id=\"panel-gb4-69e05ad533243-2-1-0\" class=\"so-panel widget widget_sow-image panel-first-child\" data-index=\"4\" ><div class=\"so-widget-sow-image so-widget-sow-image-default-6b88c04c1f9b-4\">\n\n<div class=\"sow-image-container\">\n\t\t\t<a\n\t\t\thref=\"https:\/\/www.buendiacontadores.com\/?page_id=92\"\n\t\t\t\t\t>\n\t\t\t<img decoding=\"async\" src=\"https:\/\/www.buendiacontadores.com\/wp-content\/uploads\/2021\/06\/logo2.gif\" width=\"187\" height=\"181\" sizes=\"auto, (max-width: 187px) 100vw, 187px\" alt=\"\" loading=\"lazy\" \t\tclass=\"so-widget-image\"\/>\n\t<\/a><\/div>\n\n<\/div><\/div><div id=\"panel-gb4-69e05ad533243-2-1-1\" class=\"so-panel widget widget_sow-editor panel-last-child\" data-index=\"5\" ><div class=\"so-widget-sow-editor so-widget-sow-editor-base\">\n<div class=\"siteorigin-widget-tinymce textwidget\">\n\t<p style=\"text-align: center;\"><a href=\"https:\/\/www.buendiacontadores.com\/?page_id=92\" data-type=\"page\" data-id=\"92\" data-rich-text-format-boundary=\"true\">CONSULTORIA TRIBUTARIA<\/a><\/p>\n<\/div>\n<\/div><\/div><\/div><div id=\"pgc-gb4-69e05ad533243-2-2\"  class=\"panel-grid-cell\" ><div id=\"panel-gb4-69e05ad533243-2-2-0\" class=\"so-panel widget widget_sow-image panel-first-child\" data-index=\"6\" ><div class=\"so-widget-sow-image so-widget-sow-image-default-6b88c04c1f9b-4\">\n\n<div class=\"sow-image-container\">\n\t\t\t<a\n\t\t\thref=\"https:\/\/www.buendiacontadores.com\/?page_id=94\"\n\t\t\t\t\t>\n\t\t\t<img decoding=\"async\" src=\"https:\/\/www.buendiacontadores.com\/wp-content\/uploads\/2021\/06\/logo2.gif\" width=\"187\" height=\"181\" sizes=\"auto, (max-width: 187px) 100vw, 187px\" alt=\"\" loading=\"lazy\" \t\tclass=\"so-widget-image\"\/>\n\t<\/a><\/div>\n\n<\/div><\/div><div id=\"panel-gb4-69e05ad533243-2-2-1\" class=\"so-panel widget widget_sow-editor panel-last-child\" data-index=\"7\" ><div class=\"so-widget-sow-editor so-widget-sow-editor-base\">\n<div class=\"siteorigin-widget-tinymce textwidget\">\n\t<p style=\"text-align: center;\"><a href=\"https:\/\/www.buendiacontadores.com\/?page_id=94\" data-type=\"page\" data-id=\"94\" data-rich-text-format-boundary=\"true\">ASESOR\u00cdA Y DEFENSOR T\u00c9CNICO EN \u00c1REAS LITIGIOSAS DEL DERECHO EMPRESARIAL<\/a><\/p>\n<\/div>\n<\/div><\/div><\/div><\/div><\/div><\/div>\n\n\n<p><\/p>\n","protected":false},"excerpt":{"rendered":"<p>Ofrecemos soluciones orientadas a la eficiencia en la gesti\u00f3n sus necesidades empresariales El objeto de este servicio es la clasificaci\u00f3n, an\u00e1lisis y registro de las transacciones soportadas en los documentos internos y externos de la empresa, a trav\u00e9s de un sistema de informaci\u00f3n computarizado el mismo que podemos ofrecerlo o trabajar con el que usted [&hellip;]<\/p>\n","protected":false},"author":1,"featured_media":0,"parent":0,"menu_order":0,"comment_status":"closed","ping_status":"open","template":"","meta":{"footnotes":""},"class_list":["post-4","page","type-page","status-publish","hentry","post"],"_links":{"self":[{"href":"https:\/\/www.buendiacontadores.com\/index.php?rest_route=\/wp\/v2\/pages\/4","targetHints":{"allow":["GET"]}}],"collection":[{"href":"https:\/\/www.buendiacontadores.com\/index.php?rest_route=\/wp\/v2\/pages"}],"about":[{"href":"https:\/\/www.buendiacontadores.com\/index.php?rest_route=\/wp\/v2\/types\/page"}],"author":[{"embeddable":true,"href":"https:\/\/www.buendiacontadores.com\/index.php?rest_route=\/wp\/v2\/users\/1"}],"replies":[{"embeddable":true,"href":"https:\/\/www.buendiacontadores.com\/index.php?rest_route=%2Fwp%2Fv2%2Fcomments&post=4"}],"version-history":[{"count":26,"href":"https:\/\/www.buendiacontadores.com\/index.php?rest_route=\/wp\/v2\/pages\/4\/revisions"}],"predecessor-version":[{"id":267,"href":"https:\/\/www.buendiacontadores.com\/index.php?rest_route=\/wp\/v2\/pages\/4\/revisions\/267"}],"wp:attachment":[{"href":"https:\/\/www.buendiacontadores.com\/index.php?rest_route=%2Fwp%2Fv2%2Fmedia&parent=4"}],"curies":[{"name":"wp","href":"https:\/\/api.w.org\/{rel}","templated":true}]}}